{"id":225,"date":"2025-09-30T12:49:21","date_gmt":"2025-09-30T12:49:21","guid":{"rendered":"https:\/\/forestscandal.org\/?page_id=225"},"modified":"2025-11-13T14:58:53","modified_gmt":"2025-11-13T13:58:53","slug":"background","status":"publish","type":"page","link":"https:\/\/forestscandal.org\/sv\/background\/","title":{"rendered":"Bakgrund"},"content":{"rendered":"<div style=\"height:50px\" aria-hidden=\"true\" class=\"wp-block-spacer\"><\/div>\n\n\n<h1 style=\"font-style:normal;font-weight:700;\" class=\"wp-block-post-title\">Bakgrund<\/h1>\n\n\n<h2 class=\"wp-block-heading has-xx-large-font-size\" id=\"background\"><strong>Bakgrund<\/strong><\/h2>\n\n\n\n<h2 class=\"wp-block-heading has-open-sans-font-family has-text-color has-link-color wp-elements-4ac872a22f94471f3a2cede931fd9cce\" style=\"color:#ff8c00\">\n  <strong>Sveriges naturskogar raderas ut<\/strong>\n<\/h2>\n\n\n\n<p class=\"translation-block\">Sveriges gammelskogar och kontinuitetsskogar \u2013 n\u00e5gra av Europas sista oskyddade naturliga skogsekosystem \u2013 f\u00f6rsvinner i alarmerande takt. Varje \u00e5r anm\u00e4ls tiotusentals hektar av dessa skogar f\u00f6r kalhuggning.\n<br><br>\nDen fr\u00e4msta boven bakom denna katastrofala utveckling \u00e4r SCA, Europas st\u00f6rsta privata skogs\u00e4gare. Trots att f\u00f6retaget har varit FSC-certifierat i mer \u00e4n 20 \u00e5r forts\u00e4tter SCA systematiskt kalavverka svenska skogar med h\u00f6ga naturv\u00e4rden \u2013 hem f\u00f6r skyddade och r\u00f6dlistade arter.<\/p>\n\n\n\n<div style=\"height:1px\" aria-hidden=\"true\" class=\"wp-block-spacer\"><\/div>\n\n\n\n<details class=\"fold-box\">\n  <summary><span class=\"bullet\">\u2022<\/span> Vad \u00e4r en kontinuitetsskog <span class=\"read-more\">\u25bc<\/span><\/summary>\n  <p class=\"translation-block\">En kontinuitetsskog \u00e4r en skog som aldrig har kalavverkats. Dessa skogar har en unik biologisk m\u00e5ngfald och l\u00e5ng kontinuitet, och \u00e4r, om de inte sk\u00f6ts med modernt skogsbruk, sj\u00e4lvreglerande komplexa dynamiska livsmilj\u00f6er. Skogar som inte har kalavverkats tidigare \u00e4r \u00e4ndliga livsmilj\u00f6er med en l\u00e5ng ekologisk leveranstid. \n<br><br>\n    Kontinuitetsskog <a href=\"https:\/\/shop.skogsstyrelsen.se\/shop\/9098\/art51\/10768251-68e6a3-1837.pdf\" target=\"_new\">definieras av Skogsstyrelsen<\/a> (2011) som: <em>\"skog med arter vars f\u00f6rekomst f\u00f6rklaras av att det under l\u00e5ng tid funnits l\u00e4mpliga skogsmilj\u00f6er och substrat i just\ndenna skog eller i dess n\u00e4rhet\"<\/em>.\n<br> <br>\nM\u00e5nga arter \u00e4r knutna till kontinuitetsskogar, och dessa skogar har en unik biologisk m\u00e5ngfald. ArtDatabanken vid Sveriges Lantbruksuniversitet (SLU) <a href=\"https:\/\/www.slu.se\/artdatabanken\/rodlistade-arter\/sammanfattning-rodlista-2020\/\" target=\"_new\">konstaterar att<\/a>: <em>\"Brist p\u00e5 kontinuitetsskogar, det vill s\u00e4ga skogar som aldrig har slutavverkats, \u00e4r en av de fr\u00e4msta orsakerna till att skogslevande arter blir r\u00f6dlistade.\u201d och att: \u201dF\u00f6r att v\u00e4nda trenderna med fortsatt minskande populationer beh\u00f6ver oskyddade skogsmilj\u00f6er, med r\u00f6dlistade arter, bevaras l\u00e5ngsiktigt \u00f6ver hela landet.\u201d\n<\/em><\/p>\n<\/details>\n\n<style>\n\/* Fold-box container *\/\n.fold-box {\n  cursor: pointer;\n  margin: 10px 0;\n  width: 100%;\n  box-sizing: border-box;\n  font-family: Arial, sans-serif;\n}\n\n\/* Summary styling *\/\n.fold-box summary {\n  cursor: pointer;\n  font-weight: 500;\n  list-style: none;\n  padding: 0 10px;\n  display: flex;\n  align-items: center;\n}\n\n\/* Hide default marker *\/\n.fold-box summary::-webkit-details-marker {\n  display: none;\n}\n\n\/* Bullet point *\/\n.bullet {\n  color: #FF8C00; \/* orange *\/\n  margin-right: 8px;\n  font-size: 20px;\n}\n\n\/* Read-more arrow *\/\n.read-more {\n  color: #FF8C00;\n  font-weight: 400;\n  margin-left: auto; \/* push arrow to right *\/\n  transition: transform 0.2s, color 0.2s;\n}\n\n\/* Paragraph inside fold-box *\/\n.fold-box p {\n  margin: 10px 0 0 28px; \/* align with bullet *\/\n  padding-right: 10px;\n  font-size: 18px;\n  line-height: 1.5;\n  color: #333;\n  box-sizing: border-box;\n}\n\n\/* Links inside fold-box paragraphs *\/\n.fold-box p a,\n.fold-box p a:visited {\n  color: #FF8C00;\n  text-decoration: underline;\n  transition: color 0.2s;\n}\n\n\/* Open state styles *\/\n.fold-box[open] .read-more {\n  color: #e67c00; \/* darker orange when open *\/\n  transform: rotate(180deg);\n}\n\n.fold-box[open] p a,\n.fold-box[open] p a:visited {\n  color: #e67c00; \/* darker orange when open *\/\n}\n\n\/* Remove focus outline on summary *\/\n.fold-box summary:focus {\n  outline: none;\n}\n<\/style>\n\n\n\n<div style=\"height:40px\" aria-hidden=\"true\" class=\"wp-block-spacer\"><\/div>\n\n\n\n<h2 class=\"wp-block-heading has-open-sans-font-family\" style=\"color:#FF8C00;\">\n  <strong>Hur kan SCA f\u00e5 forts\u00e4tta beg\u00e5 milj\u00f6brott?<\/strong>\n<\/h2>\n\n\n\n<div class=\"wp-block-group is-nowrap is-layout-flex wp-container-core-group-is-layout-6c531013 wp-block-group-is-layout-flex\">\n<div class=\"wp-block-columns is-layout-flex wp-container-core-columns-is-layout-28f84493 wp-block-columns-is-layout-flex\">\n<div class=\"wp-block-column is-layout-flow wp-block-column-is-layout-flow\" style=\"flex-basis:33.33%\">\n<figure class=\"wp-block-image size-full\"><img loading=\"lazy\" decoding=\"async\" width=\"1171\" height=\"867\" src=\"https:\/\/forestscandal.org\/wp-content\/uploads\/2025\/10\/SCA_files-1.png\" alt=\"\" class=\"wp-image-614\" style=\"object-fit:cover\" srcset=\"https:\/\/forestscandal.org\/wp-content\/uploads\/2025\/10\/SCA_files-1.png 1171w, https:\/\/forestscandal.org\/wp-content\/uploads\/2025\/10\/SCA_files-1-300x222.png 300w, https:\/\/forestscandal.org\/wp-content\/uploads\/2025\/10\/SCA_files-1-1024x758.png 1024w, https:\/\/forestscandal.org\/wp-content\/uploads\/2025\/10\/SCA_files-1-768x569.png 768w, https:\/\/forestscandal.org\/wp-content\/uploads\/2025\/10\/SCA_files-1-16x12.png 16w\" sizes=\"auto, (max-width: 1171px) 100vw, 1171px\" \/><\/figure>\n<\/div>\n\n\n\n<div class=\"wp-block-column is-layout-flow wp-block-column-is-layout-flow\" style=\"flex-basis:66.66%\">\n<p class=\"translation-block\">SCA claims that these logging operations are \u201cindividual mistakes\u201d, but <a href=\"https:\/\/sca-files.skyddaskogen.se\/\" data-type=\"link\" data-id=\"https:\/\/sca-files.skyddaskogen.se\/\" target=\"_blank\" rel=\"noreferrer noopener\">a report from Protect the Forest<\/a> shows that at least 500 cases of forests with documented conservation values have been logged or are planned to be logged. This clearly reveals a systematic pattern rather than isolated incidents. Despite the high number of examples, this is just the tip of the iceberg. Due to limited resources, conservationists only have the opportunity to visit a fraction of all the clear-cuts that SCA plans every year.<\/p>\n<\/div>\n<\/div>\n<\/div>\n\n\n\n<p class=\"translation-block\">Trots \u00e5ratal av h\u00e5rd kritik mot skogsbrukets negativa p\u00e5verkan p\u00e5 biologisk m\u00e5ngfald, klimat och samisk rensk\u00f6tsel har SCA inte \u00e4ndrat h\u00e5llning. Ist\u00e4llet har f\u00f6retaget hotat med att l\u00e4mna sin milj\u00f6certifiering hos FSC \u2013 troligen f\u00f6r att kunna avverka \u00e4nnu mer aggressivt i naturskogar med h\u00f6ga naturv\u00e4rden och p\u00e5 samiska marker.\n<br><br>\nEn produkt med FSC-m\u00e4rkning \u00e4r ingen garanti f\u00f6r att den kommer fr\u00e5n h\u00e5llbart brukade skogar. De flesta milj\u00f6organisationer i Sverige har l\u00e4mnat \u2013 eller aldrig anslutit sig till \u2013 FSC p\u00e5 grund av certifieringens bristf\u00e4lliga regler och of\u00f6rm\u00e5ga att hantera dessa allvarliga brister. <a href=\"https:\/\/www.greenpeace.org\/sweden\/publikationer\/skog\/rapport-e-handeln-hotar-svenska-gammelskogar-och-samers-rattigheter\/\" target=\"_new\">L\u00e4s mer om FSC och andra misslyckade certifieringar h\u00e4r<\/a>.<\/p>\n\n\n<h2 class=\"wp-block-heading has-open-sans-font-family\" style=\"color: #ff8c00;\"><strong>Killed by Cardboard<\/strong><\/h2>\n\n\n<div class=\"wp-block-group is-nowrap is-layout-flex wp-container-core-group-is-layout-6c531013 wp-block-group-is-layout-flex\">\n<div class=\"wp-block-columns is-layout-flex wp-container-core-columns-is-layout-28f84493 wp-block-columns-is-layout-flex\">\n<div class=\"wp-block-column is-layout-flow wp-block-column-is-layout-flow\" style=\"flex-basis:66.66%\">\n<p class=\"translation-block\">I en rapport fr\u00e5n 2024 visar Greenpeace hur svenska naturskogar f\u00f6rvandlas till emballage f\u00f6r global e-handel.\n<br \/><br \/>\n<a href=\"https:\/\/www.greenpeace.org\/sweden\/publikationer\/skog\/rapport-e-handeln-hotar-svenska-gammelskogar-och-samers-rattigheter\/\" target=\"_new\">Rapportens granskning<\/a> kopplar samman bland andra Nestl\u00e9 och DS Smith med f\u00f6retag som avverkar skogar med h\u00f6ga naturv\u00e4rden i Sverige.<\/p>\n<\/div>\n\n\n\n<div class=\"wp-block-column is-layout-flow wp-block-column-is-layout-flow\" style=\"flex-basis:33.33%\">\n<figure class=\"wp-block-image size-full\"><img loading=\"lazy\" decoding=\"async\" width=\"949\" height=\"595\" src=\"https:\/\/forestscandal.org\/wp-content\/uploads\/2025\/10\/Killed_by_cardboard-1.png\" alt=\"\" class=\"wp-image-615\" style=\"object-fit:cover\" srcset=\"https:\/\/forestscandal.org\/wp-content\/uploads\/2025\/10\/Killed_by_cardboard-1.png 949w, https:\/\/forestscandal.org\/wp-content\/uploads\/2025\/10\/Killed_by_cardboard-1-300x188.png 300w, https:\/\/forestscandal.org\/wp-content\/uploads\/2025\/10\/Killed_by_cardboard-1-768x482.png 768w, https:\/\/forestscandal.org\/wp-content\/uploads\/2025\/10\/Killed_by_cardboard-1-18x12.png 18w\" sizes=\"auto, (max-width: 949px) 100vw, 949px\" \/><\/figure>\n<\/div>\n<\/div>\n<\/div>\n\n\n\n<p>Under ett \u00e5rs tid har Greenpeace Sverige genomf\u00f6rt f\u00e4ltunders\u00f6kningar i naturskogar som redan f\u00f6rst\u00f6rts. Mer \u00e4n 60 avverkningsomr\u00e5den har bes\u00f6kts runt om i landet. Unders\u00f6kningen knyter 9 massabruk, drivna av 6 olika f\u00f6retag \u2013 d\u00e4ribland v\u00e4lk\u00e4nda namn som SCA, Smurfit Kappa och Billerud \u2013 till dessa skyddsv\u00e4rda skogar.\n<br> <br>\nResultaten visar att m\u00e5nga f\u00f6retag riskerar att ta emot r\u00e5vara som kommer fr\u00e5n icke-h\u00e5llbart avverkad skog i Sverige.<\/p>\n\n\n\n<h2 class=\"wp-block-heading has-open-sans-font-family\" style=\"color:#FF8C00;\">\n  <strong>P\u00e5 vilket s\u00e4tt bryter SCA mot urfolksr\u00e4ttigheter?<\/strong>\n<\/h2>\n\n\n\n<p>I norra Sverige \u00e4r den samiska kulturen, inklusive rensk\u00f6tseln, beroende av skogen f\u00f6r sin f\u00f6rs\u00f6rjning. Ett av de st\u00f6rsta hoten mot den samiska kulturen \u00e4r f\u00f6rlusten av betesmark f\u00f6r renar p\u00e5 grund av direkta eller indirekta effekter av konkurrerande markanv\u00e4ndning, som kommersiellt skogsbruk.<\/p>\n\n\n\n<p class=\"translation-block\"><a href=\"https:\/\/www.facebook.com\/photo\/?fbid=941972794719836&amp;set=a.430003322583455\" target=\"_self\">SCA har gjort det mycket tydligt<\/a> att de inte har f\u00f6r avsikt att respektera de samiska urfolkens r\u00e4ttigheter, och att de bortser fr\u00e5n b\u00e5de nationella lagar, FN-deklarationer och FSC-regler. De har redan avverkat tusentals hektar utan samtycke och forts\u00e4tter aktivt avverka omr\u00e5den d\u00e4r samtycket har \u00e5terkallats. SCA har ocks\u00e5 avverkat viktiga betesmarker som f\u00f6retaget tidigare hade kommit \u00f6verens med samerna om att l\u00e4mna or\u00f6rda. SCA:s avverkningar har \u00f6desdigra konsekvenser f\u00f6r renbetesmarkerna och undergr\u00e4ver samernas r\u00e4tt till traditionell markanv\u00e4ndning.<\/p>\n\n\n\n<blockquote class=\"wp-block-quote is-layout-flow wp-block-quote-is-layout-flow\">\n<p class=\"is-style-text-subtitle is-style-text-subtitle--1\">\"Produkter och f\u00f6rpackningar fr\u00e5n oh\u00e5llbart skogsbruk kan aldrig vara h\u00e5llbara\"<\/p>\n<\/blockquote>\n\n\n\n<h2 class=\"wp-block-heading has-open-sans-font-family\" style=\"color:#FF8C00;\">\n  <strong>Hur kan jag undvika dessa oh\u00e5llbara produkter, innan f\u00f6retagen tar sitt ansvar?<\/strong>\n<\/h2>\n\n\n\n<p>Det f\u00f6rsta steget du kan ta som konsument \u00e4r att helt enkelt minska din f\u00f6rbrukning. Undvik on\u00f6diga eng\u00e5ngsartiklar och produkter du faktiskt inte beh\u00f6ver. Och se upp f\u00f6r den v\u00e4xande e-handelssektorn. Visste du att m\u00e5nga varor som best\u00e4lls online packas i kartonger gjorda av svensk gammelskog?<\/p>\n\n\n\n<style>\n.square-video {\n    width: 750px;        \/* square width *\/\n    height: 600px;       \/* square height *\/\n    overflow: hidden;    \/* hide overflow *\/\n}\n.square-video video {\n    width: 100%;\n    height: 100%;\n    object-fit: cover;   \/* crop portrait video to fill square *\/\n}\n<\/style>\n<div class=\"square-video\">\n    <video controls src=\"https:\/\/forestscandal.org\/wp-content\/uploads\/2025\/10\/background.mp4\"><\/video>\n<\/div>\n\n\n\n<p>Var ocks\u00e5 medveten om att FSC- eller PEFC-certifiering tyv\u00e4rr inte \u00e4r n\u00e5gon garanti f\u00f6r att produkten kommer fr\u00e5n h\u00e5llbart sk\u00f6tta skogar. Det finns dessv\u00e4rre inget system idag f\u00f6r att med s\u00e4kerhet kunna sp\u00e5ra det kommersiella fl\u00f6det av skogsresurser, och det \u00e4r praktiskt taget om\u00f6jligt att sp\u00e5ra ursprunget till en slutprodukt.<\/p>\n\n\n\n<p>Det inneb\u00e4r att det inte finns ett tillg\u00e4ngligt s\u00e4tt att avg\u00f6ra om din produkt kommer fr\u00e5n en f\u00f6rst\u00f6rd naturskog eller inte. Men med SCA:s h\u00f6ga avverkningsgrad i skyddsv\u00e4rda naturskogar \u00e4r risken extremt h\u00f6g \u2013 s\u00e5 om du k\u00f6per n\u00e5got kopplat till SCA kommer du h\u00f6gst troligt f\u00e5 en produkt som h\u00e4rr\u00f6r fr\u00e5n f\u00f6rst\u00f6rd skog med h\u00f6ga naturv\u00e4rden, eller d\u00e4r samernas r\u00e4ttigheter har kr\u00e4nkts.\n<br><br>\n<strong>S\u00e5h\u00e4r borde f\u00f6rst\u00e5s inte vara<\/strong>, och vi menar att ansvaret f\u00f6r att \u00e4ndra p\u00e5 detta ligger hos f\u00f6retagen - inte dig som konsument. D\u00e4rf\u00f6r har vi startat den h\u00e4r kampanjen.<\/p>\n\n\n\n<h2 class=\"wp-block-heading has-open-sans-font-family\" style=\"color:#FF8C00;\">\n  <strong>B\u00f6r k\u00f6pare av skogsprodukter undvika den svenska marknaden helt?<\/strong>\n<\/h2>\n\n\n\n<p class=\"translation-block\">Skydda Skogen och Greenpeace Sverige anser att <strong>Sverige \u00e4r en h\u00f6griskmarknad f\u00f6r skogsprodukter<\/strong>, s\u00e4rskilt i norr d\u00e4r den nuvarande avverkningen av gammelskog och kontinuitetsskog \u00e4r h\u00f6g.<\/p>\n\n\n\n<p>\u00c4ven om denna kampanj riktar sig mot SCA, uppmanar vi alla som f\u00f6r n\u00e4rvarande handlar med skogsprodukter att undvika den svenska marknaden. Liknande problem p\u00e5verkar samtliga st\u00f6rre skogsbolag i Sverige. Fyra f\u00f6retag \u2013 Sveaskog, SCA, Stora Enso och Holmen \u2013 \u00e4ger en tredjedel av Sveriges skogar. Andra pappersj\u00e4ttar som Mondi, Smurfit Kappa, Mets\u00e4 Group, DS Smith och BillerudKorsn\u00e4s k\u00f6per ocks\u00e5 in virke fr\u00e5n svenska certifierade skogar. Idag \u00e4r dock SCA det ledande f\u00f6retaget n\u00e4r det g\u00e4ller avverkning av kontinuitetsskogar.<\/p>\n\n\n\n<p>Kalhyggesbruk \u00e4r den totalt f\u00f6rh\u00e4rskande skogsbruksmodellen som anv\u00e4nds i Sverige. Hyggesfria sk\u00f6tselmetoder anv\u00e4nds bara p\u00e5 n\u00e5gra f\u00e5 procent av skogsarealen. En majoritet av alla kalhyggen f\u00f6rvandlas dessutom till produktionsbest\u00e5nd och plantager, d\u00e5 en majoritet \u00e5terplanteras med f\u00f6r\u00e4dlade plantor fr\u00e5n plantskolor. \u00c4ven inom FSC-certifieringen kr\u00e4vs endast mer h\u00e5llbara, alternativa skogsf\u00f6rvaltningssystem, p\u00e5 5 % av marken.<\/p>\n\n\n\n<p>Trots att Sverige bara har 0,6 % av v\u00e4rldens skogar ligger landet p\u00e5 sj\u00e4tte plats n\u00e4r det g\u00e4ller \u00e5rlig avverkningsvolym och vi \u00e4r den tredje st\u00f6rsta export\u00f6ren av tr\u00e4produkter i v\u00e4rlden, eftersom hela 80 % av produktionen exporteras. Endast cirka 4 % av Sveriges produktiva skogar nedan fj\u00e4lln\u00e4ra gr\u00e4nsen  har formellt skydd, och myndigheter och experter bed\u00f6mer att Sveriges milj\u00f6m\u00e5l om att skydda skogarnas biologiska m\u00e5ngfald inte kommer att kunna uppn\u00e5s med nuvarande politik och budget. Den fr\u00e4msta orsaken till den negativa utvecklingen \u00e4r att kontinuitetsskogar fortfarande avverkas.<\/p>\n\n\n\n<p>Ingen storskalig skogsprodukt fr\u00e5n Sverige garanterar f\u00f6r n\u00e4rvarande ett milj\u00f6m\u00e4ssigt h\u00e5llbart ursprung. Skydda skogen och Greenpeace klassificerar d\u00e4rf\u00f6r Sverige som ett \u201dh\u00f6griskland\u201d f\u00f6r handel med skogsprodukter och efterlyser omedelbara reformer.<\/p>\n\n\n\n<p>H\u00e4r hittar du mer information om hur SCA och andra skogsbolag avverkar skogar med bevarandev\u00e4rde och om den svenska modellen f\u00f6r skogsf\u00f6rvaltning, samt de negativa effekter den medf\u00f6r:<\/p>\n\n\n\n<ul style=\"list-style-type: disc; padding-left: 20px;\">\n  <li>\n    <details class=\"fold-box\">\n      <summary>Webbplatser<span class=\"read-more\">\u25bc<\/span><\/summary>\n      <p>\n        <ul style=\"list-style-type: disc; padding-left: 20px;\">\n          <li><a href=\"https:\/\/www.greenpeace.org\/sweden\/\" target=\"_blank\"><strong>The Greenpeace Sweden webpage<\/strong><\/a><\/li>\n          <li><a href=\"https:\/\/www.skyddaskogen.se\" target=\"_blank\"><strong>The Protect the Forest Sweden webpage<\/strong><\/a><\/li>\n          <li><a href=\"https:\/\/www.swedishforestvision.org\" target=\"_blank\"><strong>Swedish Forest Vision<\/strong><\/a><\/li>\n          <li><a href=\"https:\/\/www.skogsmonitor.se\/en\" target=\"_blank\"><strong>The Forest Monitor<\/strong><\/a><\/li>\n          <li><a href=\"https:\/\/www.moreofeverything-film.com\" target=\"_blank\"><strong>More of everything \u2013 film about Swedish forestry<\/strong><\/a><\/li>\n        <\/ul>\n      <\/p>\n    <\/details>\n  <\/li>\n<\/ul>\n\n<style>\n.fold-box {\n  cursor: pointer;\n  margin-top: 6px;\n}\n.fold-box summary {\n  list-style: none;\n  cursor: pointer;\n  font-weight: 500;\n}\n.fold-box summary::-webkit-details-marker {\n  display: none;\n}\n.fold-box summary:focus {\n  outline: none;\n}\n.read-more {\n  color: #FF8C00;\n  font-weight: 400;\n  margin-left: 2px;\n}\n.fold-box p {\n  margin: 10px 0 0 0;\n  padding-left: 10px;\n  font-size: 18px;\n  line-height: 1.5;\n  color: #333;\n}\n.fold-box a {\n  text-decoration: none;\n  color: #333;\n}\n.fold-box a:hover {\n  color: #FF8C00;\n}\n.fold-box[open] .read-more::after {\n  content: \" \";\n}\n.fold-box[open] .read-more {\n  color: #e67c00;\n}\n<\/style>\n\n\n\n<ul style=\"list-style-type: disc; padding-left: 20px;\">\n  <li>\n    <details class=\"fold-box\">\n      <summary>Rapporter<span class=\"read-more\">\u25bc<\/span><\/summary>\n      <p>\n        <ul style=\"list-style-type: disc; padding-left: 20px;\">\n          <li><a href=\"https:\/\/www.naturvardsverket.se\/en\/om-miljoarbetet\/swedish-environmental-objectives\/\" target=\"_blank\"><strong>Sweden\u2019s environmental objectives<\/strong><\/a><\/li>\n          <li><a href=\"https:\/\/www.skogsstyrelsen.se\/globalassets\/om-oss\/rapporter\/rapporter-20222021202020192018\/rapport-2022-12-sustainable-forests-in-depth-evaluation-2023-english-summary.pdf\" target=\"_blank\"><strong>The Swedish Forest Agency\u2019s evaluation of \u2018Sustainable Forests\u2019 (2023)<\/strong><\/a><\/li>\n       \n          <li><a href=\"https:\/\/www.sou.gov.se\/contentassets\/e66f5e3eaaed43ddb8ae786a452eed39\/underlagsrapport-urskogar-och-naturskogar---kunskapsunderlag.pdf\" target=\"_blank\"><strong>Primary and old-growth forests in Sweden<\/strong><\/a><\/li>\n          <li><a href=\"https:\/\/www.sciencedirect.com\/science\/article\/pii\/S0169204620303935\" target=\"_blank\"><strong>Sweden does not meet national and international forest biodiversity commitments<\/strong><\/a><\/li>\n          <li><a href=\"https:\/\/skyddaskogen.se\/wp-content\/uploads\/2025\/05\/forestmonitorreport2025-26-may.pdf\" target=\"_blank\"><strong>Forest Monitor Report 2025<\/strong><\/a><\/li>\n          <li><a href=\"https:\/\/sca-files.skyddaskogen.se\/\" target=\"_blank\"><strong>SCA-FILES &#8220;500 single mistakes&#8221; 2024<\/strong><\/a><\/li>\n          <li><a href=\"https:\/\/www.greenpeace.org\/static\/planet4-sweden-stateless\/2024\/05\/924326e2-killed-by-cardboard-report.pdf\" target=\"_blank\"><strong>Killed by Cardboard 2024<\/strong><\/a><\/li>\n          <li><a href=\"https:\/\/skyddaskogen.se\/sweden-fails-to-protect-species-old-growth-forests-planned-for-logging\/?lang=en\" target=\"_blank\"><strong>Sweden fails to protect species old growth forests planned for logging<\/strong><\/a><\/li>\n          <li><a href=\"https:\/\/skyddaskogen.se\/wp-content\/uploads\/2022\/12\/forskningsresan-2022-1.pdf\" target=\"_blank\"><strong>Research Trip in the Nature Conservancy\u2019s Fields 2022<\/strong><\/a><\/li>\n          <li><a href=\"https:\/\/skyddaskogen.se\/wp-content\/uploads\/2021\/06\/skyddaskogen.se_forestry-at-the-edge-2020-final-lowres.pdf\" target=\"_blank\"><strong>Forestry at the edge 2020<\/strong><\/a><\/li>\n          <li><a href=\"https:\/\/skyddaskogen.se\/wp-content\/uploads\/2022\/08\/the-swedish-certified-forestry-model-case-study-in-ore-forest-kingdom-2020.pdf\" target=\"_blank\"><strong>Swedish certified forestry model case study in ore forest kingdom<\/strong><\/a><\/li>\n          <li><a href=\"https:\/\/skyddaskogen.se\/wp-content\/uploads\/2022\/08\/11\/Rapport-Forskningsresan-2019.pdf\" target=\"_blank\"><strong>Research Trip 2019<\/strong><\/a><\/li>\n          <li><a href=\"https:\/\/skyddaskogen.se\/wp-content\/uploads\/2021\/09\/rapport-greenpeace-skydda-skogen.pdf\" target=\"_blank\"><strong>The natural forests threatened by the state<\/strong><\/a><\/li>\n          <li><a href=\"https:\/\/skyddaskogen.se\/wp-content\/uploads\/2022\/08\/rapport-2018-forskningsresan-i-naturvrdens-utmarker.pdf\" target=\"_blank\"><strong>Research Trip 2018<\/strong><\/a><\/li>\n          <li><a href=\"https:\/\/skyddaskogen.se\/wp-content\/uploads\/2022\/08\/forestry-at-the-edge-2017.pdf\" target=\"_blank\"><strong>Forestry at the edge 2017<\/strong><\/a><\/li>\n          <li><a href=\"https:\/\/skyddaskogen.se\/wp-content\/uploads\/2022\/08\/rapport-forskningsresan-2017-norrbotten.pdf\" target=\"_blank\"><strong>Research Trip 2017<\/strong><\/a><\/li>\n          <li><a href=\"https:\/\/www.greenpeace.org\/static\/planet4-international-stateless\/2017\/10\/e6d354bb-gp_essity_forests_report.pdf\" target=\"_blank\"><strong>Wiping away the boreal<\/strong><\/a><\/li>\n        <\/ul>\n      <\/p>\n    <\/details>\n  <\/li>\n<\/ul>\n\n<style>\n.fold-box {\n  cursor: pointer;\n  margin-top: 6px;\n}\n.fold-box summary {\n  list-style: none;\n  cursor: pointer;\n  font-weight: 500;\n}\n.fold-box summary::-webkit-details-marker {\n  display: none;\n}\n.fold-box summary:focus {\n  outline: none;\n}\n.read-more {\n  color: #FF8C00;\n  font-weight: 400;\n  margin-left: 2px;\n}\n.fold-box p {\n  margin: 10px 0 0 0;\n  padding-left: 10px;\n  font-size: 18px;\n  line-height: 1.5;\n  color: #333;\n}\n.fold-box a {\n  text-decoration: none;\n  color: #333;\n}\n.fold-box a:hover {\n  color: #FF8C00;\n}\n.fold-box[open] .read-more::after {\n  content: \" \";\n}\n.fold-box[open] .read-more {\n  color: #e67c00;\n}\n<\/style>\n\n\n\n<div style=\"height:50px\" aria-hidden=\"true\" class=\"wp-block-spacer\"><\/div>","protected":false},"excerpt":{"rendered":"<p>Background Sweden\u2019s natural forests are being destroyed Sweden&#8217;s old-growth and continuity forests &#8211; some of Europe\u2019s last unprotected natural forest ecosystems &#8211; are disappearing at an alarming rate. Every year tens of thousands of hectares of such forests are notified to be clear cut. The main culprit behind this disastrous development is SCA, Europe&#8217;s largest [&hellip;]<\/p>","protected":false},"author":1,"featured_media":0,"parent":0,"menu_order":0,"comment_status":"closed","ping_status":"closed","template":"page-no-title","meta":{"footnotes":""},"class_list":["post-225","page","type-page","status-publish","hentry"],"_links":{"self":[{"href":"https:\/\/forestscandal.org\/sv\/wp-json\/wp\/v2\/pages\/225","targetHints":{"allow":["GET"]}}],"collection":[{"href":"https:\/\/forestscandal.org\/sv\/wp-json\/wp\/v2\/pages"}],"about":[{"href":"https:\/\/forestscandal.org\/sv\/wp-json\/wp\/v2\/types\/page"}],"author":[{"embeddable":true,"href":"https:\/\/forestscandal.org\/sv\/wp-json\/wp\/v2\/users\/1"}],"replies":[{"embeddable":true,"href":"https:\/\/forestscandal.org\/sv\/wp-json\/wp\/v2\/comments?post=225"}],"version-history":[{"count":102,"href":"https:\/\/forestscandal.org\/sv\/wp-json\/wp\/v2\/pages\/225\/revisions"}],"predecessor-version":[{"id":755,"href":"https:\/\/forestscandal.org\/sv\/wp-json\/wp\/v2\/pages\/225\/revisions\/755"}],"wp:attachment":[{"href":"https:\/\/forestscandal.org\/sv\/wp-json\/wp\/v2\/media?parent=225"}],"curies":[{"name":"wp","href":"https:\/\/api.w.org\/{rel}","templated":true}]}}