{"id":586,"date":"2025-09-30T12:49:21","date_gmt":"2025-09-30T10:49:21","guid":{"rendered":"https:\/\/forestscandal.org\/bakgrund\/"},"modified":"2025-10-11T20:14:02","modified_gmt":"2025-10-11T18:14:02","slug":"bakgrund","status":"publish","type":"page","link":"https:\/\/forestscandal.org\/de\/bakgrund\/","title":{"rendered":"Bakgrund"},"content":{"rendered":"<div style=\"height:50px\" aria-hidden=\"true\" class=\"wp-block-spacer\"><\/div>\n<h1 style=\"font-style:normal;font-weight:700;\" class=\"wp-block-post-title\">Bakgrund<\/h1>\n<h2 class=\"wp-block-heading has-xx-large-font-size\" id=\"background\"><strong>Bakgrund<\/strong><\/h2>\n\n<h2 class=\"wp-block-heading has-open-sans-font-family has-text-color has-link-color wp-elements-4314ea82020ec0ab1a62d9a770c06015\" style=\"color:#ff8c00\">\n  <strong>Sveriges naturskogar f\u00f6rst\u00f6rs<\/strong>\n<\/h2>\n\n<p>Sveriges gammelskogar och kontinuitetsskogar &#8211; n\u00e5gra av Europas sista oskyddade naturliga skogsekosystem &#8211; f\u00f6rsvinner i en alarmerande takt. Varje \u00e5r anm\u00e4ls tiotusentals hektar av s\u00e5dana skogar f\u00f6r slutavverkning. <br\/><br\/><strong>Den huvudsakliga syndabocken bakom denna katastrofala utveckling \u00e4r SCA<\/strong>, Europas st\u00f6rsta privata skogs\u00e4gare. Trots att f\u00f6retaget har varit FSC-certifierat i mer \u00e4n 20 \u00e5r har de upprepade g\u00e5nger och systematiskt slutavverkat skogar med h\u00f6ga naturv\u00e4rden &#8211; hem f\u00f6r skyddade och r\u00f6dlistade arter. <\/p>\n\n<h2 class=\"wp-block-heading has-open-sans-font-family\" style=\"color:#FF8C00;\">\n  <strong>500 &#8220;enskilda misstag&#8221;<\/strong>\n<\/h2>\n\n<p>SCA h\u00e4vdar att dessa avverkningar \u00e4r &#8220;enskilda misstag&#8221;, men en granskning visar att minst <a href=\"http:\/\/sca-files.skyddaskogen.se\">500 fall<\/a> av skogar med dokumenterade naturv\u00e4rden har avverkats eller planeras att avverkas. Detta avsl\u00f6jar tydligt ett systematiskt m\u00f6nster snarare \u00e4n isolerade h\u00e4ndelser. Trots det h\u00f6ga antalet exempel \u00e4r detta bara toppen av isberget. P\u00e5 grund av begr\u00e4nsade resurser har naturv\u00e5rdare bara m\u00f6jlighet att bes\u00f6ka en br\u00e5kdel av alla slutavverkningar som SCA planerar varje \u00e5r.   <\/p>\n\n<p>Trots \u00e5r av h\u00e5rd kritik mot deras skogsbruks negativa effekter p\u00e5 biologisk m\u00e5ngfald, klimat och samisk rensk\u00f6tsel har SCA inte gett vika. Ist\u00e4llet har de hotat att <a href=\"https:\/\/skyddaskogen.se\/en\/swedish-pulp-giant-to-drop-environmental-fsc-label\/\">sl\u00e4ppa sin milj\u00f6certifiering FSC<\/a> &#8211; utan tvekan f\u00f6r att kunna avverka \u00e4nnu mer aggressivt i skogar med h\u00f6ga naturv\u00e4rden och p\u00e5 urfolksmark. <br\/><br\/>En produkt med FSC-m\u00e4rkning \u00e4r p\u00e5 inget s\u00e4tt en garanti f\u00f6r att den kommer fr\u00e5n h\u00e5llbart brukade skogar. De flesta milj\u00f6organisationer har l\u00e4mnat (eller aldrig anslutit sig till) svenska FSC p\u00e5 grund av svaga regler och certifieringens of\u00f6rm\u00e5ga att hantera dessa katastrofala brister. <\/p>\n\n<h2 class=\"wp-block-heading has-open-sans-font-family\" style=\"color:#FF8C00;\">\n  <strong>Kr\u00e4nker urfolksr\u00e4ttigheter<\/strong>\n<\/h2>\n\n<p>I norra Sverige \u00e4r den samiska kulturen, inklusive rensk\u00f6tseln, beroende av skogen f\u00f6r sin f\u00f6rs\u00f6rjning. Ett av de st\u00f6rsta hoten mot samisk kultur \u00e4r f\u00f6rlusten av renbetesmark p\u00e5 grund av direkta eller indirekta effekter fr\u00e5n konkurrerande markanv\u00e4ndning, som kommersiellt skogsbruk. <\/p>\n\n<p><a href=\"https:\/\/www.facebook.com\/photo\/?fbid=941972794719836&amp;set=a.430003322583455\">SCA har gjort det mycket tydligt<\/a> att de inte t\u00e4nker respektera det samiska urfolkets r\u00e4ttigheter, och de bortser fr\u00e5n b\u00e5de FN-deklarationer och FSC-regler. De har avverkat tusentals hektar utan samtycke och forts\u00e4tter att avverka omr\u00e5den d\u00e4r samtycke har dragits tillbaka. SCA har ocks\u00e5 avverkat viktiga betesomr\u00e5den som de tidigare kommit \u00f6verens med samerna om att l\u00e4mna. SCAs avverkningar p\u00e5verkar renbetesmarker och undergr\u00e4ver samernas r\u00e4tt till traditionell markanv\u00e4ndning.   <br\/><\/p>\n\n<blockquote class=\"wp-block-quote is-layout-flow wp-block-quote-is-layout-flow\">\n<p class=\"is-style-text-subtitle is-style-text-subtitle--1\">&#8220;Produkter och f\u00f6rpackningar fr\u00e5n oh\u00e5llbart skogsbruk kan aldrig vara h\u00e5llbara.&#8221;<\/p>\n<\/blockquote>\n\n<h2 class=\"wp-block-heading has-open-sans-font-family\" style=\"color:#FF8C00;\">\n  <strong>Hur kan jag undvika dessa oh\u00e5llbara produkter?<\/strong>\n<\/h2>\n\n<p>Det f\u00f6rsta steget du b\u00f6r ta som konsument \u00e4r att anv\u00e4nda mindre. Undvik eng\u00e5ngsartiklar, on\u00f6diga produkter och h\u00e5ll dig borta fr\u00e5n den v\u00e4xande, f\u00f6rpackningstunga e-handelssektorn. Titta g\u00e4rna p\u00e5 denna korta film:  <\/p>\n\n<style>\n.square-video {\n    width: 750px;        \/* square width *\/\n    height: 600px;       \/* square height *\/\n    overflow: hidden;    \/* hide overflow *\/\n}\n.square-video video {\n    width: 100%;\n    height: 100%;\n    object-fit: cover;   \/* crop portrait video to fill square *\/\n}\n<\/style>\n<div class=\"square-video\">\n    <video controls=\"\" src=\"https:\/\/forestscandal.org\/wp-content\/uploads\/2025\/10\/background.mp4\"><\/video>\n<\/div>\n\n<p>Var ocks\u00e5 medveten om att FSC- eller PEFC-certifiering INTE \u00e4r n\u00e5gon garanti f\u00f6r att produkten kommer fr\u00e5n h\u00e5llbart brukade skogar. Tyv\u00e4rr finns det idag inget system f\u00f6r att sp\u00e5ra det kommersiella fl\u00f6det av skogsresurser, och det \u00e4r praktiskt taget om\u00f6jligt att sp\u00e5ra ursprunget f\u00f6r n\u00e5gon slutprodukt. Detta inneb\u00e4r att det inte finns n\u00e5got s\u00e4tt att avg\u00f6ra om din produkt kommer fr\u00e5n en f\u00f6rst\u00f6rd naturskog eller inte.  <\/p>\n\n<p>Med SCAs h\u00f6ga avverkningstakt i kontinuitetsskogar \u00e4r risken extremt h\u00f6g att om du k\u00f6per n\u00e5got med SCA-ursprung f\u00e5r du en produkt som kommer fr\u00e5n en f\u00f6rst\u00f6rd skog med h\u00f6ga naturv\u00e4rden eller d\u00e4r samiska r\u00e4ttigheter har kr\u00e4nkts.<\/p>\n\n<h2 class=\"wp-block-heading has-open-sans-font-family\" style=\"color:#FF8C00;\">\n  <strong>Varf\u00f6r du b\u00f6r undvika den svenska marknaden<\/strong>\n<\/h2>\n\n<p>Vi anser att Sverige \u00e4r <strong>en h\u00f6griskmarknad<\/strong> f\u00f6r skogsprodukter, s\u00e4rskilt i norr d\u00e4r den nuvarande avverkningsniv\u00e5n av gammelskog och kontinuitetsskog \u00e4r h\u00f6g.<\/p>\n\n<p>\u00c4ven om detta upprop endast fokuserar p\u00e5 SCA, uppmanar vi starkt alla som handlar med skogsprodukter att undvika den svenska marknaden. Liknande problem p\u00e5verkar alla stora skogsbolag i Sverige. Fyra f\u00f6retag &#8211; Sveaskog, SCA, Stora Enso och Holmen &#8211; \u00e4ger en tredjedel av Sveriges skogar. Andra pappersj\u00e4ttar som Mondi, Smurfit Kappa, Mets\u00e4 Group, DS Smith och BillerudKorsn\u00e4s h\u00e4mtar ocks\u00e5 virke fr\u00e5n svenska certifierade skogar. Men idag \u00e4r SCA det ledande f\u00f6retaget n\u00e4r det g\u00e4ller avverkning av kontinuitetsskogar.    <\/p>\n\n<p>Skogsbruksmetoden med slutavverkning anv\u00e4nds i cirka 98 % av all avverkning, och majoriteten av slutavverkningarna \u00e5terplanteras med f\u00f6r\u00e4dlade plantor fr\u00e5n plantskolor. \u00c4ven inom FSC-certifieringen kr\u00e4vs mer h\u00e5llbara, alternativa skogsbrukssystem endast p\u00e5 5 % av marken. <\/p>\n\n<p>Trots att Sverige bara har 0,6 % av v\u00e4rldens skogar rankas landet som sexa i \u00e5rlig avverkningsvolym och \u00e4r v\u00e4rldens tredje st\u00f6rsta export\u00f6r av tr\u00e4produkter, d\u00e4r 80 % exporteras. Endast omkring 3 % av Sveriges produktiva skogar nedanf\u00f6r fj\u00e4llregionen har formellt skydd, och myndigheter och experter bed\u00f6mer att Sveriges milj\u00f6m\u00e5l att skydda skogens biologiska m\u00e5ngfald inte kommer att kunna n\u00e5s med nuvarande politik och budget, och att vi \u00e4r l\u00e4ngre \u00e4n n\u00e5gonsin fr\u00e5n att uppfylla detta m\u00e5l. Huvudorsaken till den negativa utvecklingen \u00e4r att kontinuitetsskogar fortfarande avverkas.  <\/p>\n\n<p>Ingen storskalig skogsprodukt fr\u00e5n Sverige garanterar idag ett milj\u00f6m\u00e4ssigt sunt ursprung. Protect the Forest klassificerar nu Sverige som ett &#8220;h\u00f6griskland&#8221; f\u00f6r handel med skogsprodukter och efterlyser akuta reformer. <\/p>\n\n<p>H\u00e4r hittar du mer information om hur SCA och andra skogsbolag avverkar skogar med h\u00f6ga naturv\u00e4rden och om den svenska modellen f\u00f6r skogsbruk, och de negativa effekter den medf\u00f6r:<\/p>\n\n<ul style=\"list-style-type: disc; padding-left: 20px;\"><li><details class=\"fold-box\"><summary>Webseite<span class=\"read-more\">\u25bc<\/span><\/summary><p><\/p><ul style=\"list-style-type: disc; padding-left: 20px;\"><li><a href=\"https:\/\/www.greenpeace.org\/sweden\/\" target=\"_blank\"><strong>The Greenpeace Sweden webpage<\/strong><\/a><\/li><li><a href=\"https:\/\/skyddaskogen.se\/de\" target=\"_blank\"><strong>Sch\u00fctzt den Wald Schweden Webseite<\/strong><\/a><\/li><li><a href=\"https:\/\/www.swedishforestvision.org\" target=\"_blank\"><strong>Swedish Forest Vision<\/strong><\/a><\/li><li><a href=\"https:\/\/www.skogsmonitor.se\/en\" target=\"_blank\"><strong>The Forest Monitor<\/strong><\/a><\/li><li><a href=\"https:\/\/www.moreofeverything-film.com\" target=\"_blank\"><strong>More of everything \u2013 film about Swedish forestry<\/strong><\/a><\/li><\/ul><\/details><\/li><\/ul><style>.fold-box {\n  cursor: pointer;\n  margin-top: 6px;\n}\n.fold-box summary {\n  list-style: none;\n  cursor: pointer;\n  font-weight: 500;\n}\n.fold-box summary::-webkit-details-marker {\n  display: none;\n}\n.fold-box summary:focus {\n  outline: none;\n}\n.read-more {\n  color: #FF8C00;\n  font-weight: 400;\n  margin-left: 2px;\n}\n.fold-box p {\n  margin: 10px 0 0 0;\n  padding-left: 10px;\n  font-size: 18px;\n  line-height: 1.5;\n  color: #333;\n}\n.fold-box a {\n  text-decoration: none;\n  color: #333;\n}\n.fold-box a:hover {\n  color: #FF8C00;\n}\n.fold-box[open] .read-more::after {\n  content: \" \";\n}\n.fold-box[open] .read-more {\n  color: #e67c00;\n}\n<\/style>\n\n<ul style=\"list-style-type: disc; padding-left: 20px;\">\n  <li>\n    <details class=\"fold-box\">\n      <summary>Rapporter<span class=\"read-more\">\u25bc<\/span><\/summary>\n      <p>\n        <\/p><ul style=\"list-style-type: disc; padding-left: 20px;\">\n          <li><a href=\"https:\/\/www.naturvardsverket.se\/en\/om-miljoarbetet\/swedish-environmental-objectives\/\" target=\"_blank\"><strong>Sveriges milj\u00f6m\u00e5l<\/strong><\/a><\/li>\n          <li><a href=\"https:\/\/www.skogsstyrelsen.se\/globalassets\/om-oss\/rapporter\/rapporter-20222021202020192018\/rapport-2022-12-sustainable-forests-in-depth-evaluation-2023-english-summary.pdf\" target=\"_blank\"><strong>Skogsstyrelsens utv\u00e4rdering av &#8216;Levande skogar&#8217; (2023)<\/strong><\/a><\/li>\n       \n          <li><a href=\"https:\/\/www.sou.gov.se\/contentassets\/e66f5e3eaaed43ddb8ae786a452eed39\/underlagsrapport-urskogar-och-naturskogar%E2%80%94kunskapsunderlag.pdf\" target=\"_blank\"><strong>Prim\u00e4r- och gammelskogar i Sverige<\/strong><\/a><\/li>\n          <li><a href=\"https:\/\/www.sciencedirect.com\/science\/article\/pii\/S0169204620303935\" target=\"_blank\"><strong>Sverige uppfyller inte nationella och internationella \u00e5taganden om biologisk m\u00e5ngfald i skogen<\/strong><\/a><\/li>\n          <li><a href=\"https:\/\/skyddaskogen.se\/wp-content\/uploads\/2025\/05\/forestmonitorreport2025-26-may.pdf\" target=\"_blank\"><strong>Skogs\u00f6vervakningsrapport 2025<\/strong><\/a><\/li>\n          <li><a href=\"https:\/\/sca-files.skyddaskogen.se\/\" target=\"_blank\"><strong>SCA-FILER &#8220;500 enskilda misstag&#8221; 2024<\/strong><\/a><\/li>\n          <li><a href=\"https:\/\/www.greenpeace.org\/static\/planet4-sweden-stateless\/2024\/05\/924326e2-killed-by-cardboard-report.pdf\" target=\"_blank\"><strong>D\u00f6dad av kartong 2024<\/strong><\/a><\/li>\n          <li><a href=\"https:\/\/skyddaskogen.se\/sweden-fails-to-protect-species-old-growth-forests-planned-for-logging\/?lang=en\" target=\"_blank\"><strong>Sverige misslyckas skydda arter i gammelskog planerad f\u00f6r avverkning<\/strong><\/a><\/li>\n          <li><a href=\"https:\/\/skyddaskogen.se\/wp-content\/uploads\/2022\/12\/forskningsresan-2022-1.pdf\" target=\"_blank\"><strong>Forskningsresa i naturv\u00e5rdens marker 2022<\/strong><\/a><\/li>\n          <li><a href=\"https:\/\/skyddaskogen.se\/wp-content\/uploads\/2021\/06\/skyddaskogen.se_forestry-at-the-edge-2020-final-lowres.pdf\" target=\"_blank\"><strong>Skogsbruk p\u00e5 gr\u00e4nsen 2020<\/strong><\/a><\/li>\n          <li><a href=\"https:\/\/skyddaskogen.se\/wp-content\/uploads\/2022\/08\/the-swedish-certified-forestry-model-case-study-in-ore-forest-kingdom-2020.pdf\" target=\"_blank\"><strong>Svenska certifierade skogsbruksmodellen fallstudie i malmf\u00e4ltens skogsrike<\/strong><\/a><\/li>\n          <li><a href=\"https:\/\/skyddaskogen.se\/wp-content\/uploads\/2022\/08\/11\/Rapport-Forskningsresan-2019.pdf\" target=\"_blank\"><strong>Forskningsresa 2019<\/strong><\/a><\/li>\n          <li><a href=\"https:\/\/skyddaskogen.se\/wp-content\/uploads\/2021\/09\/rapport-greenpeace-skydda-skogen.pdf\" target=\"_blank\"><strong>Naturskogarna som hotas av staten<\/strong><\/a><\/li>\n          <li><a href=\"https:\/\/skyddaskogen.se\/wp-content\/uploads\/2022\/08\/rapport-2018-forskningsresan-i-naturvrdens-utmarker.pdf\" target=\"_blank\"><strong>Forskningsresa 2018<\/strong><\/a><\/li>\n          <li><a href=\"https:\/\/skyddaskogen.se\/wp-content\/uploads\/2022\/08\/forestry-at-the-edge-2017.pdf\" target=\"_blank\"><strong>Skogsbruk p\u00e5 gr\u00e4nsen 2017<\/strong><\/a><\/li>\n          <li><a href=\"https:\/\/skyddaskogen.se\/wp-content\/uploads\/2022\/08\/rapport-forskningsresan-2017-norrbotten.pdf\" target=\"_blank\"><strong>Forskningsresa 2017<\/strong><\/a><\/li>\n          <li><a href=\"https:\/\/www.greenpeace.org\/static\/planet4-international-stateless\/2017\/10\/e6d354bb-gp_essity_forests_report.pdf\" target=\"_blank\"><strong>Utpl\u00e5ningen av den boreala skogen<\/strong><\/a><\/li>\n        <\/ul>\n      \n    <\/details>\n  <\/li>\n<\/ul>\n\n<style>\n.fold-box {\n  cursor: pointer;\n  margin-top: 6px;\n}\n.fold-box summary {\n  list-style: none;\n  cursor: pointer;\n  font-weight: 500;\n}\n.fold-box summary::-webkit-details-marker {\n  display: none;\n}\n.fold-box summary:focus {\n  outline: none;\n}\n.read-more {\n  color: #FF8C00;\n  font-weight: 400;\n  margin-left: 2px;\n}\n.fold-box p {\n  margin: 10px 0 0 0;\n  padding-left: 10px;\n  font-size: 18px;\n  line-height: 1.5;\n  color: #333;\n}\n.fold-box a {\n  text-decoration: none;\n  color: #333;\n}\n.fold-box a:hover {\n  color: #FF8C00;\n}\n.fold-box[open] .read-more::after {\n  content: \" \";\n}\n.fold-box[open] .read-more {\n  color: #e67c00;\n}\n<\/style>","protected":false},"excerpt":{"rendered":"<p>Bakgrund Sveriges naturskogar f\u00f6rst\u00f6rs Sveriges gammelskogar och kontinuitetsskogar &#8211; n\u00e5gra av Europas sista oskyddade naturliga skogsekosystem &#8211; f\u00f6rsvinner i en alarmerande takt. Varje \u00e5r anm\u00e4ls tiotusentals hektar av s\u00e5dana skogar f\u00f6r slutavverkning. Den huvudsakliga syndabocken bakom denna katastrofala utveckling \u00e4r SCA, Europas st\u00f6rsta privata skogs\u00e4gare. Trots att f\u00f6retaget har varit FSC-certifierat i mer \u00e4n 20 [&hellip;]<\/p>","protected":false},"author":1,"featured_media":0,"parent":0,"menu_order":0,"comment_status":"closed","ping_status":"closed","template":"page-no-title","meta":{"footnotes":""},"class_list":["post-586","page","type-page","status-publish","hentry"],"_links":{"self":[{"href":"https:\/\/forestscandal.org\/de\/wp-json\/wp\/v2\/pages\/586","targetHints":{"allow":["GET"]}}],"collection":[{"href":"https:\/\/forestscandal.org\/de\/wp-json\/wp\/v2\/pages"}],"about":[{"href":"https:\/\/forestscandal.org\/de\/wp-json\/wp\/v2\/types\/page"}],"author":[{"embeddable":true,"href":"https:\/\/forestscandal.org\/de\/wp-json\/wp\/v2\/users\/1"}],"replies":[{"embeddable":true,"href":"https:\/\/forestscandal.org\/de\/wp-json\/wp\/v2\/comments?post=586"}],"version-history":[{"count":1,"href":"https:\/\/forestscandal.org\/de\/wp-json\/wp\/v2\/pages\/586\/revisions"}],"predecessor-version":[{"id":587,"href":"https:\/\/forestscandal.org\/de\/wp-json\/wp\/v2\/pages\/586\/revisions\/587"}],"wp:attachment":[{"href":"https:\/\/forestscandal.org\/de\/wp-json\/wp\/v2\/media?parent=586"}],"curies":[{"name":"wp","href":"https:\/\/api.w.org\/{rel}","templated":true}]}}